{"id":16,"date":"2023-11-02T09:55:49","date_gmt":"2023-11-02T09:55:49","guid":{"rendered":"https:\/\/beakers-mom.de\/?page_id=16"},"modified":"2026-04-21T09:39:01","modified_gmt":"2026-04-21T09:39:01","slug":"startseite","status":"publish","type":"page","link":"https:\/\/beakers-mom.de\/","title":{"rendered":"Startseite"},"content":{"rendered":"\t\t<div data-elementor-type=\"wp-page\" data-elementor-id=\"16\" class=\"elementor elementor-16\">\n\t\t\t\t<div class=\"elementor-element elementor-element-d53e8b4 e-flex e-con-boxed e-con e-parent\" data-id=\"d53e8b4\" data-element_type=\"container\">\n\t\t\t\t\t<div class=\"e-con-inner\">\n\t\t\t\t<div class=\"elementor-element elementor-element-ffd44aa elementor-widget elementor-widget-image\" data-id=\"ffd44aa\" data-element_type=\"widget\" data-widget_type=\"image.default\">\n\t\t\t\t<div class=\"elementor-widget-container\">\n\t\t\t\t\t\t\t\t\t\t\t\t\t\t\t<img fetchpriority=\"high\" decoding=\"async\" width=\"1024\" height=\"768\" src=\"https:\/\/beakers-mom.de\/wp-content\/uploads\/2023\/11\/BM-Bild-Startseite-1024x768.jpg\" class=\"attachment-large size-large wp-image-53\" alt=\"\" srcset=\"https:\/\/beakers-mom.de\/wp-content\/uploads\/2023\/11\/BM-Bild-Startseite-1024x768.jpg 1024w, https:\/\/beakers-mom.de\/wp-content\/uploads\/2023\/11\/BM-Bild-Startseite-300x225.jpg 300w, https:\/\/beakers-mom.de\/wp-content\/uploads\/2023\/11\/BM-Bild-Startseite-768x576.jpg 768w, https:\/\/beakers-mom.de\/wp-content\/uploads\/2023\/11\/BM-Bild-Startseite.jpg 1152w\" sizes=\"(max-width: 1024px) 100vw, 1024px\" \/>\t\t\t\t\t\t\t\t\t\t\t\t\t\t\t<\/div>\n\t\t\t\t<\/div>\n\t\t\t\t\t<\/div>\n\t\t\t\t<\/div>\n\t\t<div class=\"elementor-element elementor-element-fee3cd6 e-flex e-con-boxed e-con e-parent\" data-id=\"fee3cd6\" data-element_type=\"container\">\n\t\t\t\t\t<div class=\"e-con-inner\">\n\t\t\t\t<div class=\"elementor-element elementor-element-11f1749 elementor-widget elementor-widget-text-editor\" data-id=\"11f1749\" data-element_type=\"widget\" data-widget_type=\"text-editor.default\">\n\t\t\t\t<div class=\"elementor-widget-container\">\n\t\t\t\t\t\t\t\t\t<p>Hi Folks! Herzlich Willkommen auf unserer Website. Unsere Seite wird aktuell neu gestaltet und in k\u00fcrze wieder im vollen Umfang zur Verf\u00fcgung stehen.<\/p><p>Gerne k\u00f6nnt Ihr uns bei Anfragen eine Nachricht \u00fcber unser Kontaktformular schreiben oder gerne auch eine Mail.<\/p><p>Unsere n\u00e4chsten \u00f6ffentlichen Gigs sind am 30.04.2026 in Wehrheim und am 01.05.2026 auf dem Mayer Festival in Heuchelheim.<\/p><p>Infos dazu findet Ihr auch auf unseren Seiten bei Facebook und Instagram.<\/p>\t\t\t\t\t\t\t\t<\/div>\n\t\t\t\t<\/div>\n\t\t\t\t\t<\/div>\n\t\t\t\t<\/div>\n\t\t\t\t<\/div>\n\t\t","protected":false},"excerpt":{"rendered":"<p>Hi Folks! Herzlich Willkommen auf unserer Website. Unsere Seite wird aktuell neu gestaltet und in k\u00fcrze wieder im vollen Umfang zur Verf\u00fcgung stehen. Gerne k\u00f6nnt Ihr uns bei Anfragen eine Nachricht \u00fcber unser Kontaktformular schreiben oder gerne auch eine Mail. Unsere n\u00e4chsten \u00f6ffentlichen Gigs sind am 30.04.2026 in Wehrheim und am 01.05.2026 auf dem Mayer [&hellip;]<\/p>\n","protected":false},"author":1,"featured_media":0,"parent":0,"menu_order":0,"comment_status":"closed","ping_status":"closed","template":"elementor_header_footer","meta":{"ocean_post_layout":"","ocean_both_sidebars_style":"","ocean_both_sidebars_content_width":0,"ocean_both_sidebars_sidebars_width":0,"ocean_sidebar":"","ocean_second_sidebar":"","ocean_disable_margins":"enable","ocean_add_body_class":"","ocean_shortcode_before_top_bar":"","ocean_shortcode_after_top_bar":"","ocean_shortcode_before_header":"","ocean_shortcode_after_header":"","ocean_has_shortcode":"","ocean_shortcode_after_title":"","ocean_shortcode_before_footer_widgets":"","ocean_shortcode_after_footer_widgets":"","ocean_shortcode_before_footer_bottom":"","ocean_shortcode_after_footer_bottom":"","ocean_display_top_bar":"default","ocean_display_header":"default","ocean_header_style":"","ocean_center_header_left_menu":"","ocean_custom_header_template":"","ocean_custom_logo":0,"ocean_custom_retina_logo":0,"ocean_custom_logo_max_width":0,"ocean_custom_logo_tablet_max_width":0,"ocean_custom_logo_mobile_max_width":0,"ocean_custom_logo_max_height":0,"ocean_custom_logo_tablet_max_height":0,"ocean_custom_logo_mobile_max_height":0,"ocean_header_custom_menu":"","ocean_menu_typo_font_family":"","ocean_menu_typo_font_subset":"","ocean_menu_typo_font_size":0,"ocean_menu_typo_font_size_tablet":0,"ocean_menu_typo_font_size_mobile":0,"ocean_menu_typo_font_size_unit":"px","ocean_menu_typo_font_weight":"","ocean_menu_typo_font_weight_tablet":"","ocean_menu_typo_font_weight_mobile":"","ocean_menu_typo_transform":"","ocean_menu_typo_transform_tablet":"","ocean_menu_typo_transform_mobile":"","ocean_menu_typo_line_height":0,"ocean_menu_typo_line_height_tablet":0,"ocean_menu_typo_line_height_mobile":0,"ocean_menu_typo_line_height_unit":"","ocean_menu_typo_spacing":0,"ocean_menu_typo_spacing_tablet":0,"ocean_menu_typo_spacing_mobile":0,"ocean_menu_typo_spacing_unit":"","ocean_menu_link_color":"","ocean_menu_link_color_hover":"","ocean_menu_link_color_active":"","ocean_menu_link_background":"","ocean_menu_link_hover_background":"","ocean_menu_link_active_background":"","ocean_menu_social_links_bg":"","ocean_menu_social_hover_links_bg":"","ocean_menu_social_links_color":"","ocean_menu_social_hover_links_color":"","ocean_disable_title":"default","ocean_disable_heading":"default","ocean_post_title":"","ocean_post_subheading":"","ocean_post_title_style":"","ocean_post_title_background_color":"","ocean_post_title_background":0,"ocean_post_title_bg_image_position":"","ocean_post_title_bg_image_attachment":"","ocean_post_title_bg_image_repeat":"","ocean_post_title_bg_image_size":"","ocean_post_title_height":0,"ocean_post_title_bg_overlay":0.5,"ocean_post_title_bg_overlay_color":"","ocean_disable_breadcrumbs":"default","ocean_breadcrumbs_color":"","ocean_breadcrumbs_separator_color":"","ocean_breadcrumbs_links_color":"","ocean_breadcrumbs_links_hover_color":"","ocean_display_footer_widgets":"default","ocean_display_footer_bottom":"default","ocean_custom_footer_template":"","footnotes":""},"_links":{"self":[{"href":"https:\/\/beakers-mom.de\/index.php?rest_route=\/wp\/v2\/pages\/16"}],"collection":[{"href":"https:\/\/beakers-mom.de\/index.php?rest_route=\/wp\/v2\/pages"}],"about":[{"href":"https:\/\/beakers-mom.de\/index.php?rest_route=\/wp\/v2\/types\/page"}],"author":[{"embeddable":true,"href":"https:\/\/beakers-mom.de\/index.php?rest_route=\/wp\/v2\/users\/1"}],"replies":[{"embeddable":true,"href":"https:\/\/beakers-mom.de\/index.php?rest_route=%2Fwp%2Fv2%2Fcomments&post=16"}],"version-history":[{"count":14,"href":"https:\/\/beakers-mom.de\/index.php?rest_route=\/wp\/v2\/pages\/16\/revisions"}],"predecessor-version":[{"id":142,"href":"https:\/\/beakers-mom.de\/index.php?rest_route=\/wp\/v2\/pages\/16\/revisions\/142"}],"wp:attachment":[{"href":"https:\/\/beakers-mom.de\/index.php?rest_route=%2Fwp%2Fv2%2Fmedia&parent=16"}],"curies":[{"name":"wp","href":"https:\/\/api.w.org\/{rel}","templated":true}]}}